{"id":58962,"date":"2022-01-13T12:14:22","date_gmt":"2022-01-13T11:14:22","guid":{"rendered":"https:\/\/hodeilargi.org\/batten-disease\/"},"modified":"2022-03-20T18:26:58","modified_gmt":"2022-03-20T17:26:58","slug":"batten-disease","status":"publish","type":"page","link":"https:\/\/hodeilargi.org\/en\/batten-disease\/","title":{"rendered":"Batten disease"},"content":{"rendered":"<div class=\"wpb-content-wrapper\"><p>[vc_row type=&#8221;vc_default&#8221;][vc_column][vc_row_inner][vc_column_inner width=&#8221;2\/3&#8243;]<div id=\"ultimate-heading-804869d146c2ae11a\" class=\"uvc-heading ult-adjust-bottom-margin ultimate-heading-804869d146c2ae11a uvc-1292  uvc-heading-default-font-sizes\" data-hspacer=\"no_spacer\"  data-halign=\"left\" style=\"text-align:left\"><div class=\"uvc-heading-spacer no_spacer\" style=\"top\"><\/div><div class=\"uvc-main-heading ult-responsive\"  data-ultimate-target='.uvc-heading.ultimate-heading-804869d146c2ae11a h3'  data-responsive-json-new='{\"font-size\":\"\",\"line-height\":\"\"}' ><h3 style=\"font-weight:bold;margin-bottom:20px;\">What is Batten's disease (CLN 6)?<\/h3><\/div><div class=\"uvc-sub-heading ult-responsive\"  data-ultimate-target='.uvc-heading.ultimate-heading-804869d146c2ae11a .uvc-sub-heading '  data-responsive-json-new='{\"font-size\":\"\",\"line-height\":\"\"}'  style=\"font-weight:normal;margin-bottom:20px;\">Also known as Lipofuscinosis Ceroide Neuronal CLN, Batten&#8217;s disease is an hereditary disorder which affects the nervous system. It&#8217;s characterised by the accumulation of toxic of substances called &#8216;lipopigments&#8217; (fats and proteins) in cells, mainly those of the brain and retina. Eventually, this causes the death of brain neurones, the retina and central nervous system, with a negative impact on the functioning of the visual and nervous sistems, so it is a neurodegenerative disease.<\/p>\n<p>People with Batten disease are born healthy and develop normally during their first years, but over time their development slows, and they gradually lose their intellectual, visual and mobility capacities.<\/p>\n<p>The main types of Battens disease are currently classified according to the genetic defects that affect cells at different levels. There are 14 subsets in total, from CLN1 discovered in 1995 to CLN14 (2021). These different NCL types have symptoms and characteristics in common such as epilepsy, progressive psychomotor impairment and visual deficit. They vary in age of onset and severity, from the newborn stage to adulthood, and this variety is due to different genetic factors, such as heredity and the type of mutation they carry (what is called genotype-phenotype correlation).<\/p>\n<p>Inheritance is usually autosomal recessive, that is, each parent is a carrier and in each pregnancy of that couple the risk of transmission of the disease is 25%. The gene that is altered is different in each type of NCL and within each gene there may be<br \/>\nvery different types of mutations. Thus, in two families with sons or daughters with the same type of NCL (for example, CLN6), they may have different mutations in that same gene (there are more than 70 different ones for CLN6, for example).<\/p>\n<p>From the point of view of age of symptom onset, NCL can be classified into:<br \/>\n&#8211; Late infancy NCL appears between the ages of 3-8. In general, these children live to between 8-12 years. This is the group to which Hodei &amp; Ilargi belong: CLN6.<br \/>\n&#8211; Juvenile NCL appears between the ages of 5-8. Many of the children survive to adolescence or even to the age of 20.<br \/>\n&#8211; Adult NCL appears before the age of 40. These patients can expect to have a normal life.<\/div><\/div>[\/vc_column_inner][vc_column_inner width=&#8221;1\/3&#8243;][vc_single_image image=&#8221;57355&#8243; img_size=&#8221;full&#8221; css=&#8221;.vc_custom_1637512967065{margin-top: 50px !important;}&#8221;][\/vc_column_inner][\/vc_row_inner][\/vc_column][\/vc_row][vc_row type=&#8221;vc_default&#8221; css=&#8221;.vc_custom_1638531796101{margin-top: 30px !important;margin-bottom: 50px !important;}&#8221;][vc_column]<div id=\"ultimate-heading-180869d146c2ae1ae\" class=\"uvc-heading ult-adjust-bottom-margin ultimate-heading-180869d146c2ae1ae uvc-8382  uvc-heading-default-font-sizes\" data-hspacer=\"no_spacer\"  data-halign=\"left\" style=\"text-align:left\"><div class=\"uvc-heading-spacer no_spacer\" style=\"top\"><\/div><div class=\"uvc-main-heading ult-responsive\"  data-ultimate-target='.uvc-heading.ultimate-heading-180869d146c2ae1ae h4'  data-responsive-json-new='{\"font-size\":\"\",\"line-height\":\"\"}' ><h4 style=\"font-weight:bold;margin-bottom:20px;\">Symptoms<\/h4><\/div><div class=\"uvc-sub-heading ult-responsive\"  data-ultimate-target='.uvc-heading.ultimate-heading-180869d146c2ae1ae .uvc-sub-heading '  data-responsive-json-new='{\"font-size\":\"\",\"line-height\":\"\"}'  style=\"font-weight:normal;margin-bottom:20px;\">Symptoms: The most common symptoms of CLN6 include:<\/p>\n<ul>\n<li>Slow intellectual development.<\/li>\n<li>Changes in personality &amp; behaviour.<\/li>\n<li>Dementia &amp; confusion.<\/li>\n<li>Myoclonus-type epileptic seizures, falls, or convulsions.<\/li>\n<li>Loss of vision.<\/li>\n<li>Changes in sleep patterns.<\/li>\n<li>Involuntary muscle spasms.<\/li>\n<li>Ataxia or instability in walking or standing.<\/li>\n<li>Loss of ability to speak, walk or communicate.<\/li>\n<\/ul>\n<div>In <strong>Hodei&#8217;s case<\/strong>, the disease has affected his language development from the beginning. He doesn&#8217;t speak and the few words he said is losing them. It has also affected his mobility, he was a child with very good motor skills, able to run jump or swim and now he has trouble walking and holding himself up.<\/div>\n<p><strong>Ilargi<\/strong>, at the moment has no symptoms but they are expected to start between 4 and 6 years.<\/p>\n<p>This illness is a regressive autosomal disorder. This means that when both parents are carriers of each of the two defective genes that cause the illness, there is a 1 in 4 (25%) chance of transmission to any of their children.<\/p>\n<p>Without appropriate treatment, this illness causes rapid neurological decline, resulting in a rapid decline of abilities to walk, talk, think &amp; see.<\/p>\n<p>To date, the only treatment that exists, with the potential to be a disease course modifier, is a gene therapy developed by Amicus Therapeutics that is in the clinical trial phase, which has been conducted at Nationwide Children&#8217;s Hospital in Columbus, Ohio.<\/p>\n<p>This treatment consists of replacing the mutated gene with one which is transported to the brain by a harmless virus.<\/div><\/div>[\/vc_column][\/vc_row][vc_row full_width=&#8221;stretch_row&#8221; equal_height=&#8221;yes&#8221; type=&#8221;vc_default&#8221; margin_top=&#8221;55&#8243; margin_bottom=&#8221;45&#8243; css=&#8221;.vc_custom_1638050986415{padding-top: 40px !important;padding-bottom: 30px !important;background-color: rgba(0,0,0,0.04) !important;*background-color: rgb(0,0,0) !important;}&#8221;][vc_column]<div id=\"ultimate-heading-36769d146c2ae206\" class=\"uvc-heading ult-adjust-bottom-margin ultimate-heading-36769d146c2ae206 uvc-6786  uvc-heading-default-font-sizes\" data-hspacer=\"no_spacer\"  data-halign=\"left\" style=\"text-align:left\"><div class=\"uvc-heading-spacer no_spacer\" style=\"top\"><\/div><div class=\"uvc-main-heading ult-responsive\"  data-ultimate-target='.uvc-heading.ultimate-heading-36769d146c2ae206 h4'  data-responsive-json-new='{\"font-size\":\"\",\"line-height\":\"\"}' ><h4 style=\"font-weight:bold;margin-bottom:15px;\">Useful information, studies and publications on Batten disease<\/h4><\/div><\/div><div class=\"standard-arrow bullet-top\"><ul>\n<li>Instituto Nacional de Trastornos Neurol\u00f3gicos y Accidentes Cerebrovasculares. <a href=\"https:\/\/espanol.ninds.nih.gov\/es\/trastornos\/enfermedad-de-batten\" target=\"_blank\" rel=\"noopener\">Definicion, tratamientos, pronosticos y estudios clinicos de la enfermedad BATTEN<\/a><\/li>\n<li>Amicus Therapeutics. <a href=\"https:\/\/ir.amicusrx.com\/news-releases\/news-release-details\/amicus-announces-additional-positive-interim-clinical-data-cln6\" target=\"_blank\" rel=\"noopener\">Amicus anuncia datos cl\u00ednicos provisionales positivos adicionales para la terapia g\u00e9nica de la enfermedad de Batten CLN6&#8230;(ingl\u00e9s)<\/a><\/li>\n<li>Elsevier Inc. <a href=\"https:\/\/pubmed.ncbi.nlm.nih.gov\/31331814\/\" target=\"_blank\" rel=\"noopener\">La terapia g\u00e9nica corrige patolog\u00edas cerebrales y conductuales en la enfermedad de CLN6-Batten.. (ingl\u00e9s) <\/a><\/li>\n<li>Batten Disease. <a href=\"https:\/\/battendiseasenews.com\/living-with-batten-disease-2\/\" target=\"_blank\" rel=\"noopener\">Viviendo con la enfermedad de Batten (ingl\u00e9s) <\/a><\/li>\n<li>Joana Carvalho. <a href=\"https:\/\/battendiseasenews.com\/2018\/10\/16\/compounds-similar-to-flupirtine-seem-promising-for-the-treatment-of-ncls\/?amp\" target=\"_blank\" rel=\"noopener\">Una sust\u00e1ncia qu\u00edmica podr\u00eda ayudar a los afectados por la enfermedad de Batten a prevenir la muerte celular. (ingl\u00e9s)<\/a><\/li>\n<li>Batten Disease News.\u00a0<a href=\"https:\/\/battendiseasenews.com\/2021\/03\/05\/scientist-wins-grant-to-study-cln6-batten-advance-early-trials\/\">Scientist Wins Grant to Study CLN6 Batten, Advance Early Trials \u2013 Batten Disease News<\/a><\/li>\n<li>Europapress.\u00a0<a href=\"https:\/\/www.europapress.es\/castilla-y-leon\/noticia-investigador-usal-avanza-identificacion-nuevos-mecanismos-neurodegenerativos-enfermedad-batten-20220127135011.html\">Investigador de la USAL avanza en identificaci\u00f3n de nuevos mecanismos neurodegenerativos en la enfermedad de Batten (europapress.es)<\/a><\/li>\n<\/ul>\n<\/div>[\/vc_column][\/vc_row][vc_row full_width=&#8221;stretch_row&#8221; equal_height=&#8221;yes&#8221; type=&#8221;vc_default&#8221; margin_top=&#8221;55&#8243; margin_bottom=&#8221;45&#8243; css=&#8221;.vc_custom_1638050986415{padding-top: 40px !important;padding-bottom: 30px !important;background-color: rgba(0,0,0,0.04) !important;*background-color: rgb(0,0,0) !important;}&#8221;][vc_column]<div id=\"ultimate-heading-889569d146c2ae301\" class=\"uvc-heading ult-adjust-bottom-margin ultimate-heading-889569d146c2ae301 uvc-9581  uvc-heading-default-font-sizes\" data-hspacer=\"no_spacer\"  data-halign=\"left\" style=\"text-align:left\"><div class=\"uvc-heading-spacer no_spacer\" style=\"top\"><\/div><div class=\"uvc-main-heading ult-responsive\"  data-ultimate-target='.uvc-heading.ultimate-heading-889569d146c2ae301 h4'  data-responsive-json-new='{\"font-size\":\"\",\"line-height\":\"\"}' ><h4 style=\"font-weight:bold;margin-bottom:15px;\">Revised &amp; recommended scientific references<\/h4><\/div><\/div><div class=\"standard-arrow bullet-top\"><ul>\n<li>Lopez-Fabuel I, Garcia-Macia M, Buondelmonte C, Burmistrova O, Bonora N, Alonso-Batan P, Morant-Ferrando B, Vicente-Gutierrez C, Jimenez-Blasco D, Quintana-Cabrera R, Fernandez E, Llop J, Ramos-Cabrer P, Sharaireh A, Guevara-Ferrer M, Fitzpatrick L, Thompton CD, McKay TR, Storch S, Medina DL, Mole SE, Fedichev PO, Almeida A, Bola\u00f1os JP. Aberrant upregulation of the glycolytic enzyme PFKFB3 in CLN7 neuronal ceroid lipofuscinosis. Nat Commun. 2022 Jan 27;13(1):536. doi: 10.1038\/s41467-022-28191-1. PMID: 35087090<\/li>\n<\/ul>\n<p style=\"padding-left: 40px;\">In this original article, the main researchers, from the University of Salamanca, have found in a CLN7 mouse model, a failure in autophagy (waste cleaning system in cells) that produces an accumulation of altered mitochondria. This produces an increase in free radicals in the mitochondria that is mediated by an enzyme, PFKFB3, which is activated when it shouldn&#8217;t. These researchers apply a PFKFB3 blocker called AZ67 to the affected cells and they improve, disappearing the stress situation in the CLN7 cells. They conclude that designing therapies targeting the PFKFB3 enzyme could be a new therapeutic line in lysosomal diseases.<\/p>\n<ul>\n<li>Specchio N, Ferretti A, Trivisano M, Pietrafusa N, Pepi C, Calabrese C, Livadiotti S, Simonetti A, Rossi P, Curatolo P, Vigevano F. Neuronal Ceroid Lipofuscinosis: Potential for Targeted Therapy. Drugs. 2021 Jan;81(1):101-123. doi: 10.1007\/s40265-020-01440-7. PMID: 33242182.<\/li>\n<\/ul>\n<p style=\"padding-left: 40px;\">In this review article, the authors of the Bambino Ges\u00fa Hospital in Rome, specialists in epilepsy and neurogenetic diseases, review the therapeutic lines currently available for each type of NCL.<\/p>\n<ul>\n<li>Mole SE, Cotman SL. Genetics of the neuronal ceroid lipofuscinoses (Batten disease). Biochim Biophys Acta. 2015 Oct;1852(10 Pt B):2237-41. doi: 10.1016\/j.bbadis.2015.05.011. PMID: 26026925.<\/li>\n<\/ul>\n<p style=\"padding-left: 40px;\">In this review article, the authors, from University College London, update on the genetics of NCL and possible genotype-phenotype correlations. That is, if there is an association between a specific mutation and the earlier or later onset of symptoms, or that these symptoms are milder or more severe.<\/p>\n<\/div>[\/vc_column][\/vc_row]<\/p>\n<\/div>","protected":false},"excerpt":{"rendered":"<p>[vc_row type=&#8221;vc_default&#8221;][vc_column][vc_row_inner][vc_column_inner width=&#8221;2\/3&#8243;][\/vc_column_inner][vc_column_inner width=&#8221;1\/3&#8243;][vc_single_image image=&#8221;57355&#8243; img_size=&#8221;full&#8221; css=&#8221;.vc_custom_1637512967065{margin-top: 50px !important;}&#8221;][\/vc_column_inner][\/vc_row_inner][\/vc_column][\/vc_row][vc_row type=&#8221;vc_default&#8221; css=&#8221;.vc_custom_1638531796101{margin-top: 30px !important;margin-bottom: 50px !important;}&#8221;][vc_column][\/vc_column][\/vc_row][vc_row full_width=&#8221;stretch_row&#8221; equal_height=&#8221;yes&#8221; type=&#8221;vc_default&#8221; margin_top=&#8221;55&#8243; margin_bottom=&#8221;45&#8243; css=&#8221;.vc_custom_1638050986415{padding-top: 40px !important;padding-bottom: 30px !important;background-color: rgba(0,0,0,0.04) !important;*background-color: rgb(0,0,0) !important;}&#8221;][vc_column][\/vc_column][\/vc_row][vc_row full_width=&#8221;stretch_row&#8221; equal_height=&#8221;yes&#8221; type=&#8221;vc_default&#8221; margin_top=&#8221;55&#8243; margin_bottom=&#8221;45&#8243; css=&#8221;.vc_custom_1638050986415{padding-top: 40px !important;padding-bottom: 30px !important;background-color: rgba(0,0,0,0.04) !important;*background-color: rgb(0,0,0) !important;}&#8221;][vc_column][\/vc_column][\/vc_row]<\/p>\n","protected":false},"author":1,"featured_media":0,"parent":0,"menu_order":1,"comment_status":"closed","ping_status":"closed","template":"","meta":{"footnotes":""},"class_list":["post-58962","page","type-page","status-publish","hentry","description-off"],"yoast_head":"<!-- This site is optimized with the Yoast SEO plugin v26.7 - https:\/\/yoast.com\/wordpress\/plugins\/seo\/ -->\n<title>Batten disease - Hodeilargi Batten<\/title>\n<meta name=\"robots\" content=\"index, follow, max-snippet:-1, max-image-preview:large, max-video-preview:-1\" \/>\n<link rel=\"canonical\" href=\"https:\/\/hodeilargi.org\/la-enfermedad-de-batten-cln6\/\" \/>\n<meta property=\"og:locale\" content=\"en_US\" \/>\n<meta property=\"og:type\" content=\"article\" \/>\n<meta property=\"og:title\" content=\"Batten disease - Hodeilargi Batten\" \/>\n<meta property=\"og:description\" content=\"[vc_row type=&#8221;vc_default&#8221;][vc_column][vc_row_inner][vc_column_inner width=&#8221;2\/3&#8243;][\/vc_column_inner][vc_column_inner width=&#8221;1\/3&#8243;][vc_single_image image=&#8221;57355&#8243; img_size=&#8221;full&#8221; css=&#8221;.vc_custom_1637512967065{margin-top: 50px !important;}&#8221;][\/vc_column_inner][\/vc_row_inner][\/vc_column][\/vc_row][vc_row type=&#8221;vc_default&#8221; css=&#8221;.vc_custom_1638531796101{margin-top: 30px !important;margin-bottom: 50px !important;}&#8221;][vc_column][\/vc_column][\/vc_row][vc_row full_width=&#8221;stretch_row&#8221; equal_height=&#8221;yes&#8221; type=&#8221;vc_default&#8221; margin_top=&#8221;55&#8243; margin_bottom=&#8221;45&#8243; css=&#8221;.vc_custom_1638050986415{padding-top: 40px !important;padding-bottom: 30px !important;background-color: rgba(0,0,0,0.04) !important;*background-color: rgb(0,0,0) !important;}&#8221;][vc_column][\/vc_column][\/vc_row][vc_row full_width=&#8221;stretch_row&#8221; equal_height=&#8221;yes&#8221; type=&#8221;vc_default&#8221; margin_top=&#8221;55&#8243; margin_bottom=&#8221;45&#8243; css=&#8221;.vc_custom_1638050986415{padding-top: 40px !important;padding-bottom: 30px !important;background-color: rgba(0,0,0,0.04) !important;*background-color: rgb(0,0,0) !important;}&#8221;][vc_column][\/vc_column][\/vc_row]\" \/>\n<meta property=\"og:url\" content=\"https:\/\/hodeilargi.org\/la-enfermedad-de-batten-cln6\/\" \/>\n<meta property=\"og:site_name\" content=\"Hodeilargi Batten\" \/>\n<meta property=\"article:publisher\" content=\"https:\/\/ms-my.facebook.com\/hodeilargicln6\/\" \/>\n<meta property=\"article:modified_time\" content=\"2022-03-20T17:26:58+00:00\" \/>\n<meta name=\"twitter:card\" content=\"summary_large_image\" \/>\n<meta name=\"twitter:site\" content=\"@hodeilargicln6\" \/>\n<meta name=\"twitter:label1\" content=\"Est. reading time\" \/>\n\t<meta name=\"twitter:data1\" content=\"7 minutes\" \/>\n<script type=\"application\/ld+json\" class=\"yoast-schema-graph\">{\"@context\":\"https:\/\/schema.org\",\"@graph\":[{\"@type\":\"WebPage\",\"@id\":\"https:\/\/hodeilargi.org\/la-enfermedad-de-batten-cln6\/\",\"url\":\"https:\/\/hodeilargi.org\/la-enfermedad-de-batten-cln6\/\",\"name\":\"Batten disease - Hodeilargi Batten\",\"isPartOf\":{\"@id\":\"https:\/\/hodeilargi.org\/#website\"},\"datePublished\":\"2022-01-13T11:14:22+00:00\",\"dateModified\":\"2022-03-20T17:26:58+00:00\",\"breadcrumb\":{\"@id\":\"https:\/\/hodeilargi.org\/la-enfermedad-de-batten-cln6\/#breadcrumb\"},\"inLanguage\":\"en-US\",\"potentialAction\":[{\"@type\":\"ReadAction\",\"target\":[\"https:\/\/hodeilargi.org\/la-enfermedad-de-batten-cln6\/\"]}]},{\"@type\":\"BreadcrumbList\",\"@id\":\"https:\/\/hodeilargi.org\/la-enfermedad-de-batten-cln6\/#breadcrumb\",\"itemListElement\":[{\"@type\":\"ListItem\",\"position\":1,\"name\":\"Portada\",\"item\":\"https:\/\/hodeilargi.org\/en\/hodei-ilargi\/\"},{\"@type\":\"ListItem\",\"position\":2,\"name\":\"Batten disease\"}]},{\"@type\":\"WebSite\",\"@id\":\"https:\/\/hodeilargi.org\/#website\",\"url\":\"https:\/\/hodeilargi.org\/\",\"name\":\"Hodeilargi Batten\",\"description\":\"\",\"publisher\":{\"@id\":\"https:\/\/hodeilargi.org\/#organization\"},\"potentialAction\":[{\"@type\":\"SearchAction\",\"target\":{\"@type\":\"EntryPoint\",\"urlTemplate\":\"https:\/\/hodeilargi.org\/?s={search_term_string}\"},\"query-input\":{\"@type\":\"PropertyValueSpecification\",\"valueRequired\":true,\"valueName\":\"search_term_string\"}}],\"inLanguage\":\"en-US\"},{\"@type\":\"Organization\",\"@id\":\"https:\/\/hodeilargi.org\/#organization\",\"name\":\"Hodeilargi\",\"url\":\"https:\/\/hodeilargi.org\/\",\"logo\":{\"@type\":\"ImageObject\",\"inLanguage\":\"en-US\",\"@id\":\"https:\/\/hodeilargi.org\/#\/schema\/logo\/image\/\",\"url\":\"https:\/\/hodeilargi.org\/wp-content\/uploads\/2021\/12\/logo-2.png\",\"contentUrl\":\"https:\/\/hodeilargi.org\/wp-content\/uploads\/2021\/12\/logo-2.png\",\"width\":199,\"height\":61,\"caption\":\"Hodeilargi\"},\"image\":{\"@id\":\"https:\/\/hodeilargi.org\/#\/schema\/logo\/image\/\"},\"sameAs\":[\"https:\/\/ms-my.facebook.com\/hodeilargicln6\/\",\"https:\/\/x.com\/hodeilargicln6\",\"https:\/\/www.instagram.com\/hodeilargicln6\/\"]}]}<\/script>\n<!-- \/ Yoast SEO plugin. -->","yoast_head_json":{"title":"Batten disease - Hodeilargi Batten","robots":{"index":"index","follow":"follow","max-snippet":"max-snippet:-1","max-image-preview":"max-image-preview:large","max-video-preview":"max-video-preview:-1"},"canonical":"https:\/\/hodeilargi.org\/la-enfermedad-de-batten-cln6\/","og_locale":"en_US","og_type":"article","og_title":"Batten disease - Hodeilargi Batten","og_description":"[vc_row type=&#8221;vc_default&#8221;][vc_column][vc_row_inner][vc_column_inner width=&#8221;2\/3&#8243;][\/vc_column_inner][vc_column_inner width=&#8221;1\/3&#8243;][vc_single_image image=&#8221;57355&#8243; img_size=&#8221;full&#8221; css=&#8221;.vc_custom_1637512967065{margin-top: 50px !important;}&#8221;][\/vc_column_inner][\/vc_row_inner][\/vc_column][\/vc_row][vc_row type=&#8221;vc_default&#8221; css=&#8221;.vc_custom_1638531796101{margin-top: 30px !important;margin-bottom: 50px !important;}&#8221;][vc_column][\/vc_column][\/vc_row][vc_row full_width=&#8221;stretch_row&#8221; equal_height=&#8221;yes&#8221; type=&#8221;vc_default&#8221; margin_top=&#8221;55&#8243; margin_bottom=&#8221;45&#8243; css=&#8221;.vc_custom_1638050986415{padding-top: 40px !important;padding-bottom: 30px !important;background-color: rgba(0,0,0,0.04) !important;*background-color: rgb(0,0,0) !important;}&#8221;][vc_column][\/vc_column][\/vc_row][vc_row full_width=&#8221;stretch_row&#8221; equal_height=&#8221;yes&#8221; type=&#8221;vc_default&#8221; margin_top=&#8221;55&#8243; margin_bottom=&#8221;45&#8243; css=&#8221;.vc_custom_1638050986415{padding-top: 40px !important;padding-bottom: 30px !important;background-color: rgba(0,0,0,0.04) !important;*background-color: rgb(0,0,0) !important;}&#8221;][vc_column][\/vc_column][\/vc_row]","og_url":"https:\/\/hodeilargi.org\/la-enfermedad-de-batten-cln6\/","og_site_name":"Hodeilargi Batten","article_publisher":"https:\/\/ms-my.facebook.com\/hodeilargicln6\/","article_modified_time":"2022-03-20T17:26:58+00:00","twitter_card":"summary_large_image","twitter_site":"@hodeilargicln6","twitter_misc":{"Est. reading time":"7 minutes"},"schema":{"@context":"https:\/\/schema.org","@graph":[{"@type":"WebPage","@id":"https:\/\/hodeilargi.org\/la-enfermedad-de-batten-cln6\/","url":"https:\/\/hodeilargi.org\/la-enfermedad-de-batten-cln6\/","name":"Batten disease - Hodeilargi Batten","isPartOf":{"@id":"https:\/\/hodeilargi.org\/#website"},"datePublished":"2022-01-13T11:14:22+00:00","dateModified":"2022-03-20T17:26:58+00:00","breadcrumb":{"@id":"https:\/\/hodeilargi.org\/la-enfermedad-de-batten-cln6\/#breadcrumb"},"inLanguage":"en-US","potentialAction":[{"@type":"ReadAction","target":["https:\/\/hodeilargi.org\/la-enfermedad-de-batten-cln6\/"]}]},{"@type":"BreadcrumbList","@id":"https:\/\/hodeilargi.org\/la-enfermedad-de-batten-cln6\/#breadcrumb","itemListElement":[{"@type":"ListItem","position":1,"name":"Portada","item":"https:\/\/hodeilargi.org\/en\/hodei-ilargi\/"},{"@type":"ListItem","position":2,"name":"Batten disease"}]},{"@type":"WebSite","@id":"https:\/\/hodeilargi.org\/#website","url":"https:\/\/hodeilargi.org\/","name":"Hodeilargi Batten","description":"","publisher":{"@id":"https:\/\/hodeilargi.org\/#organization"},"potentialAction":[{"@type":"SearchAction","target":{"@type":"EntryPoint","urlTemplate":"https:\/\/hodeilargi.org\/?s={search_term_string}"},"query-input":{"@type":"PropertyValueSpecification","valueRequired":true,"valueName":"search_term_string"}}],"inLanguage":"en-US"},{"@type":"Organization","@id":"https:\/\/hodeilargi.org\/#organization","name":"Hodeilargi","url":"https:\/\/hodeilargi.org\/","logo":{"@type":"ImageObject","inLanguage":"en-US","@id":"https:\/\/hodeilargi.org\/#\/schema\/logo\/image\/","url":"https:\/\/hodeilargi.org\/wp-content\/uploads\/2021\/12\/logo-2.png","contentUrl":"https:\/\/hodeilargi.org\/wp-content\/uploads\/2021\/12\/logo-2.png","width":199,"height":61,"caption":"Hodeilargi"},"image":{"@id":"https:\/\/hodeilargi.org\/#\/schema\/logo\/image\/"},"sameAs":["https:\/\/ms-my.facebook.com\/hodeilargicln6\/","https:\/\/x.com\/hodeilargicln6","https:\/\/www.instagram.com\/hodeilargicln6\/"]}]}},"_links":{"self":[{"href":"https:\/\/hodeilargi.org\/en\/wp-json\/wp\/v2\/pages\/58962","targetHints":{"allow":["GET"]}}],"collection":[{"href":"https:\/\/hodeilargi.org\/en\/wp-json\/wp\/v2\/pages"}],"about":[{"href":"https:\/\/hodeilargi.org\/en\/wp-json\/wp\/v2\/types\/page"}],"author":[{"embeddable":true,"href":"https:\/\/hodeilargi.org\/en\/wp-json\/wp\/v2\/users\/1"}],"replies":[{"embeddable":true,"href":"https:\/\/hodeilargi.org\/en\/wp-json\/wp\/v2\/comments?post=58962"}],"version-history":[{"count":6,"href":"https:\/\/hodeilargi.org\/en\/wp-json\/wp\/v2\/pages\/58962\/revisions"}],"predecessor-version":[{"id":59343,"href":"https:\/\/hodeilargi.org\/en\/wp-json\/wp\/v2\/pages\/58962\/revisions\/59343"}],"wp:attachment":[{"href":"https:\/\/hodeilargi.org\/en\/wp-json\/wp\/v2\/media?parent=58962"}],"curies":[{"name":"wp","href":"https:\/\/api.w.org\/{rel}","templated":true}]}}